{"id":223,"date":"2023-12-07T15:56:42","date_gmt":"2023-12-07T14:56:42","guid":{"rendered":"http:\/\/bleuprothesedentaire.com\/?page_id=223"},"modified":"2023-12-14T09:54:55","modified_gmt":"2023-12-14T08:54:55","slug":"223-2","status":"publish","type":"page","link":"https:\/\/bleuprothesedentaire.com\/","title":{"rendered":"Accueil"},"content":{"rendered":"<p>[et_pb_section fb_built=\u00a0\u00bb1&Prime; admin_label=\u00a0\u00bbPr\u00e9sentation\u00a0\u00bb _builder_version=\u00a0\u00bb4.21.0&Prime; _module_preset=\u00a0\u00bbdefault\u00a0\u00bb background_image=\u00a0\u00bbhttps:\/\/bleuprothesedentaire.com\/wp-content\/uploads\/2023\/11\/ATELIER_DENTAIRE_426-web-recad.jpg\u00a0\u00bb height=\u00a0\u00bb1000px\u00a0\u00bb max_height=\u00a0\u00bb400px\u00a0\u00bb box_shadow_style=\u00a0\u00bbpreset3&Prime; global_colors_info=\u00a0\u00bb{}\u00a0\u00bb][et_pb_row _builder_version=\u00a0\u00bb4.21.0&Prime; _module_preset=\u00a0\u00bbdefault\u00a0\u00bb custom_margin=\u00a0\u00bb-17px||||false|false\u00a0\u00bb custom_margin_tablet=\u00a0\u00bb-17px||||false|false\u00a0\u00bb custom_margin_phone=\u00a0\u00bb-17px||||false|false\u00a0\u00bb custom_margin_last_edited=\u00a0\u00bbon|phone\u00a0\u00bb global_colors_info=\u00a0\u00bb{}\u00a0\u00bb][et_pb_column type=\u00a0\u00bb4_4&Prime; _builder_version=\u00a0\u00bb4.21.0&Prime; _module_preset=\u00a0\u00bbdefault\u00a0\u00bb global_colors_info=\u00a0\u00bb{}\u00a0\u00bb][et_pb_image src=\u00a0\u00bbhttps:\/\/bleuprothesedentaire.com\/wp-content\/uploads\/2023\/12\/logo.png\u00a0\u00bb title_text=\u00a0\u00bblogo\u00a0\u00bb align=\u00a0\u00bbcenter\u00a0\u00bb _builder_version=\u00a0\u00bb4.21.0&Prime; _module_preset=\u00a0\u00bbdefault\u00a0\u00bb max_height=\u00a0\u00bb290px\u00a0\u00bb global_colors_info=\u00a0\u00bb{}\u00a0\u00bb][\/et_pb_image][\/et_pb_column][\/et_pb_row][\/et_pb_section][et_pb_section fb_built=\u00a0\u00bb1&Prime; custom_padding_last_edited=\u00a0\u00bbon|tablet\u00a0\u00bb _builder_version=\u00a0\u00bb4.21.0&Prime; _module_preset=\u00a0\u00bbdefault\u00a0\u00bb background_color=\u00a0\u00bb#005e83&Prime; background_enable_pattern_style=\u00a0\u00bbon\u00a0\u00bb background_pattern_style=\u00a0\u00bbdiagonal-stripes\u00a0\u00bb background_pattern_color=\u00a0\u00bb#054259&Prime; background_pattern_size=\u00a0\u00bbcover\u00a0\u00bb background_pattern_horizontal_offset=\u00a0\u00bb0%\u00a0\u00bb background_pattern_vertical_offset=\u00a0\u00bb58%\u00a0\u00bb min_height=\u00a0\u00bb250px\u00a0\u00bb min_height_tablet=\u00a0\u00bb250px\u00a0\u00bb min_height_phone=\u00a0\u00bb320px\u00a0\u00bb min_height_last_edited=\u00a0\u00bbon|tablet\u00a0\u00bb height=\u00a0\u00bb200px\u00a0\u00bb custom_margin=\u00a0\u00bb0px||||false|false\u00a0\u00bb custom_margin_tablet=\u00a0\u00bb0px||||false|false\u00a0\u00bb custom_margin_phone=\u00a0\u00bb0px||||false|false\u00a0\u00bb custom_margin_last_edited=\u00a0\u00bbon|desktop\u00a0\u00bb custom_padding=\u00a0\u00bb41px||0px||false|false\u00a0\u00bb custom_padding_tablet=\u00a0\u00bb0px||||false|false\u00a0\u00bb custom_padding_phone=\u00a0\u00bb0px||||false|false\u00a0\u00bb global_colors_info=\u00a0\u00bb{}\u00a0\u00bb][et_pb_row _builder_version=\u00a0\u00bb4.21.0&Prime; _module_preset=\u00a0\u00bbdefault\u00a0\u00bb global_colors_info=\u00a0\u00bb{}\u00a0\u00bb][et_pb_column type=\u00a0\u00bb4_4&Prime; _builder_version=\u00a0\u00bb4.21.0&Prime; _module_preset=\u00a0\u00bbdefault\u00a0\u00bb global_colors_info=\u00a0\u00bb{}\u00a0\u00bb][et_pb_text admin_label=\u00a0\u00bbPr\u00e9sentation\u00a0\u00bb _builder_version=\u00a0\u00bb4.21.0&Prime; _module_preset=\u00a0\u00bbdefault\u00a0\u00bb background_color=\u00a0\u00bbRGBA(255,255,255,0)\u00a0\u00bb inline_fonts=\u00a0\u00bbBellota Text\u00a0\u00bb global_colors_info=\u00a0\u00bb{}\u00a0\u00bb]<\/p>\n<h3 style=\"text-align: center;\"><span style=\"font-size: medium; font-family: 'Bellota Text'; font-weight: normal;\"><span style=\"color: #ffffff;\">Le laboratoire <strong>BLEU PROTH\u00c8SE DENTAIRE<\/strong>\u00a0situ\u00e9 dans le sud gironde <\/span><span style=\"color: #ffffff;\">fabrique tous types de proth\u00e8ses de qualit\u00e9s en alliant artisanat et modernit\u00e9.<\/span><\/span><\/h3>\n<h3 style=\"text-align: center;\"><span style=\"color: #ffffff; font-size: medium; font-family: 'Bellota Text'; font-weight: normal;\">\u00c9quip\u00e9 pour recevoir aussi bien les empreintes physiques que num\u00e9riques nous sommes en capacit\u00e9 de r\u00e9aliser tous types de travaux d&rsquo;adjointe et de conjointe sur le support de votre choix.<\/span><\/h3>\n<p>[\/et_pb_text][\/et_pb_column][\/et_pb_row][\/et_pb_section][et_pb_section fb_built=\u00a0\u00bb1&Prime; _builder_version=\u00a0\u00bb4.21.0&Prime; _module_preset=\u00a0\u00bbdefault\u00a0\u00bb background_image=\u00a0\u00bbhttps:\/\/bleuprothesedentaire.com\/wp-content\/uploads\/2023\/12\/ATELIER_DENTAIRE_3.jpg\u00a0\u00bb height=\u00a0\u00bb1000px\u00a0\u00bb max_height=\u00a0\u00bb400px\u00a0\u00bb box_shadow_style=\u00a0\u00bbpreset6&Prime; global_colors_info=\u00a0\u00bb{}\u00a0\u00bb][\/et_pb_section][et_pb_section fb_built=\u00a0\u00bb1&Prime; admin_label=\u00a0\u00bbProduits\u00a0\u00bb module_id=\u00a0\u00bbservices\u00a0\u00bb _builder_version=\u00a0\u00bb4.21.0&Prime; _module_preset=\u00a0\u00bbdefault\u00a0\u00bb background_color=\u00a0\u00bb#005e83&Prime; background_enable_pattern_style=\u00a0\u00bbon\u00a0\u00bb background_pattern_style=\u00a0\u00bbdiagonal-stripes\u00a0\u00bb background_pattern_size=\u00a0\u00bbcover\u00a0\u00bb global_colors_info=\u00a0\u00bb{}\u00a0\u00bb][et_pb_row column_structure=\u00a0\u00bb1_4,1_4,1_4,1_4&Prime; admin_label=\u00a0\u00bbLigne\u00a0\u00bb _builder_version=\u00a0\u00bb4.21.0&Prime; _module_preset=\u00a0\u00bbdefault\u00a0\u00bb global_colors_info=\u00a0\u00bb{}\u00a0\u00bb][et_pb_column type=\u00a0\u00bb1_4&Prime; _builder_version=\u00a0\u00bb4.21.0&Prime; _module_preset=\u00a0\u00bbdefault\u00a0\u00bb global_colors_info=\u00a0\u00bb{}\u00a0\u00bb][et_pb_image src=\u00a0\u00bbhttps:\/\/bleuprothesedentaire.com\/wp-content\/uploads\/2023\/12\/pictocojointe.png\u00a0\u00bb title_text=\u00a0\u00bbpictocojointe\u00a0\u00bb align=\u00a0\u00bbcenter\u00a0\u00bb _builder_version=\u00a0\u00bb4.21.0&Prime; _module_preset=\u00a0\u00bbdefault\u00a0\u00bb height_tablet=\u00a0\u00bb\u00a0\u00bb height_phone=\u00a0\u00bb250px\u00a0\u00bb height_last_edited=\u00a0\u00bbon|phone\u00a0\u00bb global_colors_info=\u00a0\u00bb{}\u00a0\u00bb][\/et_pb_image][et_pb_text admin_label=\u00a0\u00bbTexte\u00a0\u00bb _builder_version=\u00a0\u00bb4.21.0&Prime; _module_preset=\u00a0\u00bbdefault\u00a0\u00bb inline_fonts=\u00a0\u00bbBellota Text\u00a0\u00bb global_colors_info=\u00a0\u00bb{}\u00a0\u00bb]<\/p>\n<h1 style=\"text-align: center;\"><span style=\"color: #ffffff; font-family: 'Bebas Neue'; font-weight: normal; font-size: xx-large;\">Proth\u00e8ses Conjointes<\/span><\/h1>\n<h3 style=\"text-align: center;\"><span style=\"color: #ffffff; font-family: 'Bellota Text'; font-weight: normal;\">Inlay-core<span class=\"Apple-converted-space\">\u00a0,<\/span><\/span><span style=\"color: #ffffff; font-family: 'Bellota Text'; font-size: 22px;\">Inlay Onlay,\u00a0<\/span><span style=\"color: #ffffff; font-family: 'Bellota Text'; font-weight: normal;\">Couronne Coul\u00e9e<\/span><span style=\"color: #ffffff; font-family: 'Bellota Text'; font-weight: normal;\"><span class=\"Apple-converted-space\">\u00a0<\/span><\/span><span style=\"color: #ffffff; font-family: 'Bellota Text'; font-size: 22px;\">C\u00e9ramo M\u00e9tal<\/span><span style=\"color: #ffffff; font-family: 'Bellota Text'; font-weight: normal;\">Full Zircone,\u00a0<\/span><span style=\"color: #ffffff; font-family: 'Bellota Text'; font-size: 22px;\">Zircone Stratifi\u00e9e,\u00a0<\/span><span style=\"color: #ffffff; font-family: 'Bellota Text'; font-weight: normal;\">etc\u2026<\/span><\/h3>\n<p>[\/et_pb_text][\/et_pb_column][et_pb_column type=\u00a0\u00bb1_4&Prime; _builder_version=\u00a0\u00bb4.21.0&Prime; _module_preset=\u00a0\u00bbdefault\u00a0\u00bb global_colors_info=\u00a0\u00bb{}\u00a0\u00bb][et_pb_image src=\u00a0\u00bbhttps:\/\/bleuprothesedentaire.com\/wp-content\/uploads\/2023\/12\/pictoimplants.png\u00a0\u00bb title_text=\u00a0\u00bbpictoimplants\u00a0\u00bb align=\u00a0\u00bbcenter\u00a0\u00bb _builder_version=\u00a0\u00bb4.21.0&Prime; _module_preset=\u00a0\u00bbdefault\u00a0\u00bb height_tablet=\u00a0\u00bb\u00a0\u00bb height_phone=\u00a0\u00bb250px\u00a0\u00bb height_last_edited=\u00a0\u00bbon|phone\u00a0\u00bb global_colors_info=\u00a0\u00bb{}\u00a0\u00bb][\/et_pb_image][et_pb_text _builder_version=\u00a0\u00bb4.21.0&Prime; _module_preset=\u00a0\u00bbdefault\u00a0\u00bb inline_fonts=\u00a0\u00bbBellota Text\u00a0\u00bb global_colors_info=\u00a0\u00bb{}\u00a0\u00bb]<\/p>\n<h1 style=\"text-align: center;\"><span style=\"color: #ffffff; font-family: 'Bebas Neue'; font-weight: normal; font-size: xx-large;\">Proth\u00e8ses <\/span><span style=\"color: #ffffff; font-family: 'Bebas Neue'; font-weight: normal; font-size: xx-large;\">sur Implants<\/span><\/h1>\n<h3 style=\"text-align: center;\"><span style=\"color: #ffffff; font-family: 'Bellota Text';\">Implant scell\u00e9<\/span><br \/><span style=\"color: #ffffff; font-family: 'Bellota Text';\">Implant Transviss\u00e9<\/span><br \/><span style=\"color: #ffffff; font-family: 'Bellota Text';\">Pilier Personnalis\u00e9<\/span><br \/><span style=\"color: #ffffff; font-family: 'Bellota Text';\">All In One<\/span><br \/><span style=\"color: #ffffff; font-family: 'Bellota Text';\">etc\u2026<\/span><\/h3>\n<p>[\/et_pb_text][\/et_pb_column][et_pb_column type=\u00a0\u00bb1_4&Prime; _builder_version=\u00a0\u00bb4.21.0&Prime; _module_preset=\u00a0\u00bbdefault\u00a0\u00bb global_colors_info=\u00a0\u00bb{}\u00a0\u00bb][et_pb_image src=\u00a0\u00bbhttps:\/\/bleuprothesedentaire.com\/wp-content\/uploads\/2023\/12\/pictoadjointe.png\u00a0\u00bb title_text=\u00a0\u00bbpictoadjointe\u00a0\u00bb align=\u00a0\u00bbcenter\u00a0\u00bb _builder_version=\u00a0\u00bb4.21.0&Prime; _module_preset=\u00a0\u00bbdefault\u00a0\u00bb height_tablet=\u00a0\u00bb\u00a0\u00bb height_phone=\u00a0\u00bb250px\u00a0\u00bb height_last_edited=\u00a0\u00bbon|phone\u00a0\u00bb global_colors_info=\u00a0\u00bb{}\u00a0\u00bb][\/et_pb_image][et_pb_text _builder_version=\u00a0\u00bb4.21.0&Prime; _module_preset=\u00a0\u00bbdefault\u00a0\u00bb inline_fonts=\u00a0\u00bbBellota Text,Bebas Neue\u00a0\u00bb global_colors_info=\u00a0\u00bb{}\u00a0\u00bb]<\/p>\n<h1 style=\"text-align: center;\"><span style=\"color: #ffffff; font-family: 'Bebas Neue'; font-weight: normal; font-size: xx-large;\">Proth\u00e8ses Adjointes<\/span><\/h1>\n<h3 style=\"text-align: center;\"><span style=\"color: #ffffff; font-family: 'Bellota Text'; font-weight: normal;\">Partiel R\u00e9sine<\/span><br \/><span style=\"color: #ffffff; font-family: 'Bellota Text'; font-weight: normal;\">Stellite<\/span><br \/><span style=\"color: #ffffff; font-family: 'Bellota Text'; font-weight: normal;\">Appareil Flexible<\/span><br \/><span style=\"color: #ffffff; font-family: 'Bellota Text'; font-weight: normal;\">etc\u2026<\/span><\/h3>\n<p>[\/et_pb_text][\/et_pb_column][et_pb_column type=\u00a0\u00bb1_4&Prime; _builder_version=\u00a0\u00bb4.21.0&Prime; _module_preset=\u00a0\u00bbdefault\u00a0\u00bb global_colors_info=\u00a0\u00bb{}\u00a0\u00bb][et_pb_image src=\u00a0\u00bbhttps:\/\/bleuprothesedentaire.com\/wp-content\/uploads\/2023\/12\/testpicto.png\u00a0\u00bb title_text=\u00a0\u00bbtestpicto\u00a0\u00bb align=\u00a0\u00bbcenter\u00a0\u00bb _builder_version=\u00a0\u00bb4.21.0&Prime; _module_preset=\u00a0\u00bbdefault\u00a0\u00bb height_tablet=\u00a0\u00bb\u00a0\u00bb height_phone=\u00a0\u00bb250px\u00a0\u00bb height_last_edited=\u00a0\u00bbon|phone\u00a0\u00bb global_colors_info=\u00a0\u00bb{}\u00a0\u00bb][\/et_pb_image][et_pb_text _builder_version=\u00a0\u00bb4.21.0&Prime; _module_preset=\u00a0\u00bbdefault\u00a0\u00bb inline_fonts=\u00a0\u00bbBebas Neue,Bellota Text\u00a0\u00bb global_colors_info=\u00a0\u00bb{}\u00a0\u00bb]<\/p>\n<p style=\"text-align: center;\"><span style=\"color: #ffffff;\"><b><span style=\"font-family: 'Bebas Neue'; font-weight: normal; font-size: xx-large;\">Goutti\u00e8reS<\/span><span class=\"Apple-converted-space\">\u00a0<\/span><\/b><\/span><\/p>\n<h4 style=\"text-align: center;\"><span style=\"color: #ffffff; font-family: 'Bellota Text'; font-weight: normal;\"><\/span><\/h4>\n<h4 style=\"text-align: center;\"><span style=\"color: #ffffff; font-family: 'Bellota Text'; font-weight: normal;\">Goutti\u00e8re de bruxisme<span class=\"Apple-converted-space\">\u00a0<\/span><\/span><br \/><span style=\"color: #ffffff; font-family: 'Bellota Text'; font-weight: normal;\">Goutti\u00e8re de Blanchiment<\/span><br \/><span style=\"color: #ffffff; font-family: 'Bellota Text'; font-weight: normal;\">Prot\u00e8ge Dents<span class=\"Apple-converted-space\">\u00a0<\/span><\/span><br \/><span style=\"color: #ffffff; font-family: 'Bellota Text'; font-weight: normal;\">etc\u2026<\/span><\/h4>\n<p>[\/et_pb_text][\/et_pb_column][\/et_pb_row][\/et_pb_section][et_pb_section fb_built=\u00a0\u00bb1&Prime; admin_label=\u00a0\u00bbContacts\u00a0\u00bb module_id=\u00a0\u00bbcontact\u00a0\u00bb _builder_version=\u00a0\u00bb4.21.0&Prime; _module_preset=\u00a0\u00bbdefault\u00a0\u00bb background_color=\u00a0\u00bb#054259&Prime; box_shadow_style=\u00a0\u00bbpreset6&Prime; global_colors_info=\u00a0\u00bb{}\u00a0\u00bb][et_pb_row column_structure=\u00a0\u00bb2_5,3_5&Prime; module_id=\u00a0\u00bbcontact\u00a0\u00bb _builder_version=\u00a0\u00bb4.21.0&Prime; _module_preset=\u00a0\u00bbdefault\u00a0\u00bb background_color=\u00a0\u00bbRGBA(255,255,255,0)\u00a0\u00bb module_alignment_tablet=\u00a0\u00bb\u00a0\u00bb module_alignment_phone=\u00a0\u00bbcenter\u00a0\u00bb module_alignment_last_edited=\u00a0\u00bbon|phone\u00a0\u00bb global_colors_info=\u00a0\u00bb{}\u00a0\u00bb][et_pb_column type=\u00a0\u00bb2_5&Prime; _builder_version=\u00a0\u00bb4.21.0&Prime; _module_preset=\u00a0\u00bbdefault\u00a0\u00bb global_colors_info=\u00a0\u00bb{}\u00a0\u00bb][et_pb_image src=\u00a0\u00bbhttps:\/\/bleuprothesedentaire.com\/wp-content\/uploads\/2023\/12\/logolong.png\u00a0\u00bb title_text=\u00a0\u00bblogolong\u00a0\u00bb align_tablet=\u00a0\u00bbcenter\u00a0\u00bb align_phone=\u00a0\u00bbcenter\u00a0\u00bb align_last_edited=\u00a0\u00bbon|phone\u00a0\u00bb _builder_version=\u00a0\u00bb4.21.0&Prime; _module_preset=\u00a0\u00bbdefault\u00a0\u00bb max_width=\u00a0\u00bb67%\u00a0\u00bb global_colors_info=\u00a0\u00bb{}\u00a0\u00bb][\/et_pb_image][et_pb_text content_tablet=\u00a0\u00bb<\/p>\n<h4 style=%22text-align: center;%22><strong><span style=%22color: #ffffff; font-family: 'Bellota Text';%22>06 20 24 67 21 <\/span><\/strong><\/h4>\n<h4 style=%22text-align: center;%22><span style=%22color: #ffffff; font-family: 'Bellota Text';%22><a href=%22mailto:bleuprothesedentaire@gmail.com%22 style=%22color: #ffffff;%22>bleuprothesedentaire@gmail.com<\/a><\/span><\/h4>\n<h4 style=%22text-align: center;%22><span style=%22color: #ffffff; font-family: 'Bellota Text';%22>324 route de la Ponzie \u2022 33190 les Esseintes<\/span><\/h4>\n<p>\u00a0\u00bb content_phone=\u00a0\u00bb<\/p>\n<h4 style=%22text-align: center;%22><strong><span style=%22color: #ffffff; font-family: 'Bellota Text';%22>06 20 24 67 21 <\/span><\/strong><\/h4>\n<h4 style=%22text-align: center;%22><span style=%22color: #ffffff; font-family: 'Bellota Text';%22><a href=%22mailto:bleuprothesedentaire@gmail.com%22 style=%22color: #ffffff;%22>bleuprothesedentaire@gmail.com<\/a><\/span><\/h4>\n<h4 style=%22text-align: center;%22><span style=%22color: #ffffff; font-family: 'Bellota Text';%22>324 route de la Ponzie \u2022 33190 les Esseintes<\/span><\/h4>\n<p>\u00a0\u00bb content_last_edited=\u00a0\u00bbon|desktop\u00a0\u00bb _builder_version=\u00a0\u00bb4.21.0&Prime; _module_preset=\u00a0\u00bbdefault\u00a0\u00bb module_alignment_tablet=\u00a0\u00bbcenter\u00a0\u00bb module_alignment_phone=\u00a0\u00bbcenter\u00a0\u00bb module_alignment_last_edited=\u00a0\u00bbon|phone\u00a0\u00bb inline_fonts=\u00a0\u00bbBellota Text\u00a0\u00bb global_colors_info=\u00a0\u00bb{}\u00a0\u00bb]<\/p>\n<h4><strong><span style=\"color: #ffffff; font-family: 'Bellota Text';\">06 20 24 67 21 <\/span><\/strong><\/h4>\n<h4><span style=\"color: #ffffff; font-family: 'Bellota Text';\"><a href=\"mailto:bleuprothesedentaire@gmail.com\" style=\"color: #ffffff;\">bleuprothesedentaire@gmail.com<\/a><\/span><\/h4>\n<h4><span style=\"color: #ffffff; font-family: 'Bellota Text';\">324 route de la Ponzie \u2022 33190 les Esseintes<\/span><\/h4>\n<p>[\/et_pb_text][et_pb_icon font_icon=\u00a0\u00bb&#xf16d;||fa||400&Prime; icon_color=\u00a0\u00bb#FFFFFF\u00a0\u00bb icon_width=\u00a0\u00bb53px\u00a0\u00bb url=\u00a0\u00bbhttps:\/\/www.instagram.com\/bleuprothesedentaire\/\u00a0\u00bb align=\u00a0\u00bbleft\u00a0\u00bb align_tablet=\u00a0\u00bbcenter\u00a0\u00bb align_phone=\u00a0\u00bbcenter\u00a0\u00bb align_last_edited=\u00a0\u00bbon|phone\u00a0\u00bb _builder_version=\u00a0\u00bb4.21.0&Prime; _module_preset=\u00a0\u00bbdefault\u00a0\u00bb custom_margin=\u00a0\u00bb-23px||||false|false\u00a0\u00bb global_colors_info=\u00a0\u00bb{}\u00a0\u00bb][\/et_pb_icon][\/et_pb_column][et_pb_column type=\u00a0\u00bb3_5&Prime; _builder_version=\u00a0\u00bb4.21.0&Prime; _module_preset=\u00a0\u00bbdefault\u00a0\u00bb global_colors_info=\u00a0\u00bb{}\u00a0\u00bb][et_pb_contact_form _builder_version=\u00a0\u00bb4.21.0&Prime; _module_preset=\u00a0\u00bbdefault\u00a0\u00bb _unique_id=\u00a0\u00bb18feabd9-fb8d-4589-bbb7-1754b8d84272&Prime; global_colors_info=\u00a0\u00bb{}\u00a0\u00bb][et_pb_contact_field field_id=\u00a0\u00bbName\u00a0\u00bb field_title=\u00a0\u00bbNom\u00a0\u00bb _builder_version=\u00a0\u00bb4.16&Prime; global_colors_info=\u00a0\u00bb{}\u00a0\u00bb button_text_size__hover_enabled=\u00a0\u00bboff\u00a0\u00bb button_one_text_size__hover_enabled=\u00a0\u00bboff\u00a0\u00bb button_two_text_size__hover_enabled=\u00a0\u00bboff\u00a0\u00bb button_text_color__hover_enabled=\u00a0\u00bboff\u00a0\u00bb button_one_text_color__hover_enabled=\u00a0\u00bboff\u00a0\u00bb button_two_text_color__hover_enabled=\u00a0\u00bboff\u00a0\u00bb button_border_width__hover_enabled=\u00a0\u00bboff\u00a0\u00bb button_one_border_width__hover_enabled=\u00a0\u00bboff\u00a0\u00bb button_two_border_width__hover_enabled=\u00a0\u00bboff\u00a0\u00bb button_border_color__hover_enabled=\u00a0\u00bboff\u00a0\u00bb button_one_border_color__hover_enabled=\u00a0\u00bboff\u00a0\u00bb button_two_border_color__hover_enabled=\u00a0\u00bboff\u00a0\u00bb button_border_radius__hover_enabled=\u00a0\u00bboff\u00a0\u00bb button_one_border_radius__hover_enabled=\u00a0\u00bboff\u00a0\u00bb button_two_border_radius__hover_enabled=\u00a0\u00bboff\u00a0\u00bb button_letter_spacing__hover_enabled=\u00a0\u00bboff\u00a0\u00bb button_one_letter_spacing__hover_enabled=\u00a0\u00bboff\u00a0\u00bb button_two_letter_spacing__hover_enabled=\u00a0\u00bboff\u00a0\u00bb button_bg_color__hover_enabled=\u00a0\u00bboff\u00a0\u00bb button_one_bg_color__hover_enabled=\u00a0\u00bboff\u00a0\u00bb button_two_bg_color__hover_enabled=\u00a0\u00bboff\u00a0\u00bb][\/et_pb_contact_field][et_pb_contact_field field_id=\u00a0\u00bbEmail\u00a0\u00bb field_title=\u00a0\u00bbAdresse e-mail\u00a0\u00bb field_type=\u00a0\u00bbemail\u00a0\u00bb _builder_version=\u00a0\u00bb4.16&Prime; global_colors_info=\u00a0\u00bb{}\u00a0\u00bb button_text_size__hover_enabled=\u00a0\u00bboff\u00a0\u00bb button_one_text_size__hover_enabled=\u00a0\u00bboff\u00a0\u00bb button_two_text_size__hover_enabled=\u00a0\u00bboff\u00a0\u00bb button_text_color__hover_enabled=\u00a0\u00bboff\u00a0\u00bb button_one_text_color__hover_enabled=\u00a0\u00bboff\u00a0\u00bb button_two_text_color__hover_enabled=\u00a0\u00bboff\u00a0\u00bb button_border_width__hover_enabled=\u00a0\u00bboff\u00a0\u00bb button_one_border_width__hover_enabled=\u00a0\u00bboff\u00a0\u00bb button_two_border_width__hover_enabled=\u00a0\u00bboff\u00a0\u00bb button_border_color__hover_enabled=\u00a0\u00bboff\u00a0\u00bb button_one_border_color__hover_enabled=\u00a0\u00bboff\u00a0\u00bb button_two_border_color__hover_enabled=\u00a0\u00bboff\u00a0\u00bb button_border_radius__hover_enabled=\u00a0\u00bboff\u00a0\u00bb button_one_border_radius__hover_enabled=\u00a0\u00bboff\u00a0\u00bb button_two_border_radius__hover_enabled=\u00a0\u00bboff\u00a0\u00bb button_letter_spacing__hover_enabled=\u00a0\u00bboff\u00a0\u00bb button_one_letter_spacing__hover_enabled=\u00a0\u00bboff\u00a0\u00bb button_two_letter_spacing__hover_enabled=\u00a0\u00bboff\u00a0\u00bb button_bg_color__hover_enabled=\u00a0\u00bboff\u00a0\u00bb button_one_bg_color__hover_enabled=\u00a0\u00bboff\u00a0\u00bb button_two_bg_color__hover_enabled=\u00a0\u00bboff\u00a0\u00bb][\/et_pb_contact_field][et_pb_contact_field field_id=\u00a0\u00bbMessage\u00a0\u00bb field_title=\u00a0\u00bbMessage\u00a0\u00bb field_type=\u00a0\u00bbtext\u00a0\u00bb fullwidth_field=\u00a0\u00bbon\u00a0\u00bb _builder_version=\u00a0\u00bb4.16&Prime; global_colors_info=\u00a0\u00bb{}\u00a0\u00bb button_text_size__hover_enabled=\u00a0\u00bboff\u00a0\u00bb button_one_text_size__hover_enabled=\u00a0\u00bboff\u00a0\u00bb button_two_text_size__hover_enabled=\u00a0\u00bboff\u00a0\u00bb button_text_color__hover_enabled=\u00a0\u00bboff\u00a0\u00bb button_one_text_color__hover_enabled=\u00a0\u00bboff\u00a0\u00bb button_two_text_color__hover_enabled=\u00a0\u00bboff\u00a0\u00bb button_border_width__hover_enabled=\u00a0\u00bboff\u00a0\u00bb button_one_border_width__hover_enabled=\u00a0\u00bboff\u00a0\u00bb button_two_border_width__hover_enabled=\u00a0\u00bboff\u00a0\u00bb button_border_color__hover_enabled=\u00a0\u00bboff\u00a0\u00bb button_one_border_color__hover_enabled=\u00a0\u00bboff\u00a0\u00bb button_two_border_color__hover_enabled=\u00a0\u00bboff\u00a0\u00bb button_border_radius__hover_enabled=\u00a0\u00bboff\u00a0\u00bb button_one_border_radius__hover_enabled=\u00a0\u00bboff\u00a0\u00bb button_two_border_radius__hover_enabled=\u00a0\u00bboff\u00a0\u00bb button_letter_spacing__hover_enabled=\u00a0\u00bboff\u00a0\u00bb button_one_letter_spacing__hover_enabled=\u00a0\u00bboff\u00a0\u00bb button_two_letter_spacing__hover_enabled=\u00a0\u00bboff\u00a0\u00bb button_bg_color__hover_enabled=\u00a0\u00bboff\u00a0\u00bb button_one_bg_color__hover_enabled=\u00a0\u00bboff\u00a0\u00bb button_two_bg_color__hover_enabled=\u00a0\u00bboff\u00a0\u00bb][\/et_pb_contact_field][\/et_pb_contact_form][\/et_pb_column][\/et_pb_row][\/et_pb_section][et_pb_section fb_built=\u00a0\u00bb1&Prime; fullwidth=\u00a0\u00bbon\u00a0\u00bb _builder_version=\u00a0\u00bb4.21.0&Prime; _module_preset=\u00a0\u00bbdefault\u00a0\u00bb global_colors_info=\u00a0\u00bb{}\u00a0\u00bb][et_pb_fullwidth_code _builder_version=\u00a0\u00bb4.21.0&Prime; _module_preset=\u00a0\u00bbdefault\u00a0\u00bb global_colors_info=\u00a0\u00bb{}\u00a0\u00bb]<iframe src=\"https:\/\/www.google.com\/maps\/embed?pb=!1m18!1m12!1m3!1d2840.0561931865!2d-0.07456028754925127!3d44.616325970952246!2m3!1f0!2f0!3f0!3m2!1i1024!2i768!4f13.1!3m3!1m2!1s0xd5563f9d6b572f3%3A0x7ee1d5dfe066b5c7!2s324%20Rte%20de%20la%20Ponzie%2C%2033190%20Les%20Esseintes!5e0!3m2!1sfr!2sfr!4v1701966341141!5m2!1sfr!2sfr\" width=\"100%\" height=\"450\" style=\"border:0;\" allowfullscreen=\"\" loading=\"lazy\" referrerpolicy=\"no-referrer-when-downgrade\"><\/iframe>[\/et_pb_fullwidth_code][\/et_pb_section]<\/p>\n","protected":false},"excerpt":{"rendered":"<p>Le laboratoire BLEU PROTH\u00c8SE DENTAIRE\u00a0situ\u00e9 dans le sud gironde fabrique tous types de proth\u00e8ses de qualit\u00e9s en alliant artisanat et modernit\u00e9. \u00c9quip\u00e9 pour recevoir aussi bien les empreintes physiques que num\u00e9riques nous sommes en capacit\u00e9 de r\u00e9aliser tous types de travaux d&rsquo;adjointe et de conjointe sur le support de votre choix.Proth\u00e8ses Conjointes Inlay-core\u00a0,Inlay Onlay,\u00a0Couronne Coul\u00e9e\u00a0C\u00e9ramo [&hellip;]<\/p>\n","protected":false},"author":1,"featured_media":0,"parent":0,"menu_order":0,"comment_status":"closed","ping_status":"closed","template":"","meta":{"_et_pb_use_builder":"on","_et_pb_old_content":"","_et_gb_content_width":"","footnotes":""},"class_list":["post-223","page","type-page","status-publish","hentry"],"_links":{"self":[{"href":"https:\/\/bleuprothesedentaire.com\/index.php\/wp-json\/wp\/v2\/pages\/223","targetHints":{"allow":["GET"]}}],"collection":[{"href":"https:\/\/bleuprothesedentaire.com\/index.php\/wp-json\/wp\/v2\/pages"}],"about":[{"href":"https:\/\/bleuprothesedentaire.com\/index.php\/wp-json\/wp\/v2\/types\/page"}],"author":[{"embeddable":true,"href":"https:\/\/bleuprothesedentaire.com\/index.php\/wp-json\/wp\/v2\/users\/1"}],"replies":[{"embeddable":true,"href":"https:\/\/bleuprothesedentaire.com\/index.php\/wp-json\/wp\/v2\/comments?post=223"}],"version-history":[{"count":30,"href":"https:\/\/bleuprothesedentaire.com\/index.php\/wp-json\/wp\/v2\/pages\/223\/revisions"}],"predecessor-version":[{"id":314,"href":"https:\/\/bleuprothesedentaire.com\/index.php\/wp-json\/wp\/v2\/pages\/223\/revisions\/314"}],"wp:attachment":[{"href":"https:\/\/bleuprothesedentaire.com\/index.php\/wp-json\/wp\/v2\/media?parent=223"}],"curies":[{"name":"wp","href":"https:\/\/api.w.org\/{rel}","templated":true}]}}